{"id":297,"date":"2024-12-19T18:34:52","date_gmt":"2024-12-19T17:34:52","guid":{"rendered":"https:\/\/lumierenomade.fr\/?page_id=297"},"modified":"2025-02-25T14:35:52","modified_gmt":"2025-02-25T13:35:52","slug":"notre-equipe","status":"publish","type":"page","link":"https:\/\/lumierenomade.fr\/?page_id=297","title":{"rendered":"Notre \u00e9quipe"},"content":{"rendered":"\t\t<div data-elementor-type=\"wp-post\" data-elementor-id=\"297\" class=\"elementor elementor-297\" data-elementor-post-type=\"page\">\n\t\t\t\t<div class=\"elementor-element elementor-element-f839d3e e-con-full e-flex e-con e-parent\" data-id=\"f839d3e\" data-element_type=\"container\">\n\t\t\t\t<div class=\"elementor-element elementor-element-5f0cca1 elementor--h-position-center elementor--v-position-middle elementor-widget elementor-widget-slides\" data-id=\"5f0cca1\" data-element_type=\"widget\" data-settings=\"{&quot;navigation&quot;:&quot;none&quot;,&quot;autoplay&quot;:&quot;yes&quot;,&quot;pause_on_hover&quot;:&quot;yes&quot;,&quot;pause_on_interaction&quot;:&quot;yes&quot;,&quot;autoplay_speed&quot;:5000,&quot;infinite&quot;:&quot;yes&quot;,&quot;transition&quot;:&quot;slide&quot;,&quot;transition_speed&quot;:500}\" data-widget_type=\"slides.default\">\n\t\t\t\t<div class=\"elementor-widget-container\">\n\t\t\t\t\t<div class=\"elementor-swiper\">\n\t\t\t<div class=\"elementor-slides-wrapper elementor-main-swiper swiper\" dir=\"ltr\" data-animation=\"fadeInUp\">\n\t\t\t\t<div class=\"swiper-wrapper elementor-slides\">\n\t\t\t\t\t\t\t\t\t\t<div class=\"elementor-repeater-item-b0686f4 swiper-slide\"><div class=\"swiper-slide-bg\" role=\"img\"><\/div><div class=\"swiper-slide-inner\" ><div class=\"swiper-slide-contents\"><\/div><\/div><\/div>\t\t\t\t<\/div>\n\t\t\t\t\t\t\t<\/div>\n\t\t<\/div>\n\t\t\t\t<\/div>\n\t\t\t\t<\/div>\n\t\t<div class=\"elementor-element elementor-element-f6eb2e7 e-flex e-con-boxed e-con e-child\" data-id=\"f6eb2e7\" data-element_type=\"container\" data-settings=\"{&quot;background_background&quot;:&quot;classic&quot;}\">\n\t\t\t\t\t<div class=\"e-con-inner\">\n\t\t\t\t<div class=\"elementor-element elementor-element-ad3beca e-transform elementor-widget elementor-widget-heading\" data-id=\"ad3beca\" data-element_type=\"widget\" data-settings=\"{&quot;_transform_translateX_effect&quot;:{&quot;unit&quot;:&quot;px&quot;,&quot;size&quot;:439,&quot;sizes&quot;:[]},&quot;_transform_translateX_effect_tablet&quot;:{&quot;unit&quot;:&quot;px&quot;,&quot;size&quot;:&quot;&quot;,&quot;sizes&quot;:[]},&quot;_transform_translateX_effect_mobile&quot;:{&quot;unit&quot;:&quot;px&quot;,&quot;size&quot;:&quot;&quot;,&quot;sizes&quot;:[]},&quot;_transform_translateY_effect&quot;:{&quot;unit&quot;:&quot;px&quot;,&quot;size&quot;:&quot;&quot;,&quot;sizes&quot;:[]},&quot;_transform_translateY_effect_tablet&quot;:{&quot;unit&quot;:&quot;px&quot;,&quot;size&quot;:&quot;&quot;,&quot;sizes&quot;:[]},&quot;_transform_translateY_effect_mobile&quot;:{&quot;unit&quot;:&quot;px&quot;,&quot;size&quot;:&quot;&quot;,&quot;sizes&quot;:[]}}\" data-widget_type=\"heading.default\">\n\t\t\t\t<div class=\"elementor-widget-container\">\n\t\t\t<h2 class=\"elementor-heading-title elementor-size-default\">NOTRE \u00c9QUIPE<\/h2>\t\t<\/div>\n\t\t\t\t<\/div>\n\t\t<div class=\"elementor-element elementor-element-b130ce5 e-grid e-con-full e-con e-child\" data-id=\"b130ce5\" data-element_type=\"container\">\n\t\t\t\t<div class=\"elementor-element elementor-element-75ca253 elementor-widget elementor-widget-image\" data-id=\"75ca253\" data-element_type=\"widget\" data-widget_type=\"image.default\">\n\t\t\t\t<div class=\"elementor-widget-container\">\n\t\t\t\t\t\t\t\t\t\t\t\t\t<img fetchpriority=\"high\" decoding=\"async\" width=\"768\" height=\"1024\" src=\"https:\/\/lumierenomade.fr\/wp-content\/uploads\/2024\/07\/IMG_7473-768x1024.jpg\" class=\"attachment-large size-large wp-image-58\" alt=\"\" srcset=\"https:\/\/lumierenomade.fr\/wp-content\/uploads\/2024\/07\/IMG_7473-768x1024.jpg 768w, https:\/\/lumierenomade.fr\/wp-content\/uploads\/2024\/07\/IMG_7473-225x300.jpg 225w, https:\/\/lumierenomade.fr\/wp-content\/uploads\/2024\/07\/IMG_7473-1152x1536.jpg 1152w, https:\/\/lumierenomade.fr\/wp-content\/uploads\/2024\/07\/IMG_7473-1000x1333.jpg 1000w, https:\/\/lumierenomade.fr\/wp-content\/uploads\/2024\/07\/IMG_7473-420x560.jpg 420w, https:\/\/lumierenomade.fr\/wp-content\/uploads\/2024\/07\/IMG_7473-600x800.jpg 600w, https:\/\/lumierenomade.fr\/wp-content\/uploads\/2024\/07\/IMG_7473-1200x1600.jpg 1200w, https:\/\/lumierenomade.fr\/wp-content\/uploads\/2024\/07\/IMG_7473.jpg 1512w\" sizes=\"(max-width: 768px) 100vw, 768px\" \/>\t\t\t\t\t\t\t\t\t\t\t\t\t<\/div>\n\t\t\t\t<\/div>\n\t\t\t\t<div class=\"elementor-element elementor-element-00879bd elementor-widget elementor-widget-text-editor\" data-id=\"00879bd\" data-element_type=\"widget\" data-widget_type=\"text-editor.default\">\n\t\t\t\t<div class=\"elementor-widget-container\">\n\t\t\t\t\t\t\t<h3>Jude P<\/h3><div><strong><em>Photographe et H\u00f4te<\/em><\/strong><\/div><p><br \/>Depuis fin 2018, j&#8217;ai de\u0301cide\u0301 de me consacrer entie\u0300rement a\u0300 ma passion, la photographie. Je photographie aujourd&#8217;hui pour des magazines, des marques, et toujours aussi pour moi-me\u0302me.<\/p><p>Je suis notamment publie\u0301 par plusieurs e\u0301ditions de l\u2019Officiel, Elle, Marie-Claire, ainsi que par Faust Magazine en France et Spirit &amp; Flesh aux Etats-Unis.<\/p><p>Je sais comprendre les univers de marque et les traduire en images. Cela me permet de shooter aussi bien des campagnes que des lookbooks et du contenu pour les re\u0301seaux sociaux.<\/p><p>J&#8217;aime le studio pour la pre\u0301cision et la merveilleuse varie\u0301te\u0301 de lumie\u0300res qu&#8217;il permet de cre\u0301er. J&#8217;avoue ne\u0301anmoins un attachement particulier aux paysages exte\u0301rieurs, urbains ou plus naturels, pour leur compositions infinies, et parce qu&#8217;ils nous rame\u0300nent a\u0300 la plane\u0300te ou\u0300 nous vivons et a\u0300 ce que nous sommes.<\/p><p>Passionne\u0301 par les rencontres, je m\u2019inte\u0301resse aux personnes entie\u0300res, a\u0300 l\u2019e\u0301motion et aux relations de long terme.<\/p><p>Exigeant, j\u2019aime les projets ambitieux, je suis fiable et fide\u0300le aux personnes avec lesquelles je travaille.<\/p><p>Base\u0301 a\u0300 Djerba, flexible et curieux, j&#8217;ai plaisir a\u0300 voyager a\u0300 travers le sud tunisien pour shooter les collections de mes clients parisiens.<\/p>\t\t\t\t\t\t<\/div>\n\t\t\t\t<\/div>\n\t\t\t\t<div class=\"elementor-element elementor-element-9018cb7 elementor-widget elementor-widget-text-editor\" data-id=\"9018cb7\" data-element_type=\"widget\" data-widget_type=\"text-editor.default\">\n\t\t\t\t<div class=\"elementor-widget-container\">\n\t\t\t\t\t\t\t<h3>Marion Villalard<\/h3><p><strong><em>Pro de la Prod<\/em><\/strong><\/p><p>Marion conna\u00eet le sud tunisien comme sa poche. Avec son compte Instagram suivi par plusieurs milliers de Tunisiens, elle est appr\u00e9ci\u00e9e et connect\u00e9e localement.<\/p><p>Marion peut ainsi organiser tout ce dont nous avons besoin pour que chaque shooting se d\u00e9roule sans accroc.\u00a0 \u00a0 \u00a0 \u00a0 \u00a0 \u00a0 \u00a0<\/p>\t\t\t\t\t\t<\/div>\n\t\t\t\t<\/div>\n\t\t\t\t<div class=\"elementor-element elementor-element-d4684c0 elementor-widget elementor-widget-image\" data-id=\"d4684c0\" data-element_type=\"widget\" data-widget_type=\"image.default\">\n\t\t\t\t<div class=\"elementor-widget-container\">\n\t\t\t\t\t\t\t\t\t\t\t\t\t<img decoding=\"async\" width=\"683\" height=\"1024\" src=\"https:\/\/lumierenomade.fr\/wp-content\/uploads\/2024\/07\/DSC6635-Modifier-3-683x1024.jpg\" class=\"attachment-large size-large wp-image-60\" alt=\"\" srcset=\"https:\/\/lumierenomade.fr\/wp-content\/uploads\/2024\/07\/DSC6635-Modifier-3-683x1024.jpg 683w, https:\/\/lumierenomade.fr\/wp-content\/uploads\/2024\/07\/DSC6635-Modifier-3-200x300.jpg 200w, https:\/\/lumierenomade.fr\/wp-content\/uploads\/2024\/07\/DSC6635-Modifier-3-768x1152.jpg 768w, https:\/\/lumierenomade.fr\/wp-content\/uploads\/2024\/07\/DSC6635-Modifier-3-1024x1536.jpg 1024w, https:\/\/lumierenomade.fr\/wp-content\/uploads\/2024\/07\/DSC6635-Modifier-3-1365x2048.jpg 1365w, https:\/\/lumierenomade.fr\/wp-content\/uploads\/2024\/07\/DSC6635-Modifier-3-1000x1500.jpg 1000w, https:\/\/lumierenomade.fr\/wp-content\/uploads\/2024\/07\/DSC6635-Modifier-3-1800x2700.jpg 1800w, https:\/\/lumierenomade.fr\/wp-content\/uploads\/2024\/07\/DSC6635-Modifier-3-373x560.jpg 373w, https:\/\/lumierenomade.fr\/wp-content\/uploads\/2024\/07\/DSC6635-Modifier-3-600x900.jpg 600w, https:\/\/lumierenomade.fr\/wp-content\/uploads\/2024\/07\/DSC6635-Modifier-3-1200x1800.jpg 1200w, https:\/\/lumierenomade.fr\/wp-content\/uploads\/2024\/07\/DSC6635-Modifier-3-scaled.jpg 1707w\" sizes=\"(max-width: 683px) 100vw, 683px\" \/>\t\t\t\t\t\t\t\t\t\t\t\t\t<\/div>\n\t\t\t\t<\/div>\n\t\t\t\t<\/div>\n\t\t\t\t\t<\/div>\n\t\t\t\t<\/div>\n\t\t\t\t<\/div>\n\t\t<div class=\"elementor-element elementor-element-1d2c9a6 e-grid e-con-boxed e-con e-parent\" data-id=\"1d2c9a6\" data-element_type=\"container\">\n\t\t\t\t\t<div class=\"e-con-inner\">\n\t\t\t\t<div class=\"elementor-element elementor-element-1f4b2b7 e-transform elementor-widget elementor-widget-button\" data-id=\"1f4b2b7\" data-element_type=\"widget\" data-settings=\"{&quot;_transform_translateX_effect&quot;:{&quot;unit&quot;:&quot;px&quot;,&quot;size&quot;:439,&quot;sizes&quot;:[]},&quot;_transform_translateX_effect_tablet&quot;:{&quot;unit&quot;:&quot;px&quot;,&quot;size&quot;:&quot;&quot;,&quot;sizes&quot;:[]},&quot;_transform_translateX_effect_mobile&quot;:{&quot;unit&quot;:&quot;px&quot;,&quot;size&quot;:&quot;&quot;,&quot;sizes&quot;:[]},&quot;_transform_translateY_effect&quot;:{&quot;unit&quot;:&quot;px&quot;,&quot;size&quot;:&quot;&quot;,&quot;sizes&quot;:[]},&quot;_transform_translateY_effect_tablet&quot;:{&quot;unit&quot;:&quot;px&quot;,&quot;size&quot;:&quot;&quot;,&quot;sizes&quot;:[]},&quot;_transform_translateY_effect_mobile&quot;:{&quot;unit&quot;:&quot;px&quot;,&quot;size&quot;:&quot;&quot;,&quot;sizes&quot;:[]}}\" data-widget_type=\"button.default\">\n\t\t\t\t<div class=\"elementor-widget-container\">\n\t\t\t\t\t<div class=\"elementor-button-wrapper\">\n\t\t\t<a class=\"elementor-button elementor-button-link elementor-size-sm\" href=\"#\">\n\t\t\t\t\t\t<span class=\"elementor-button-content-wrapper\">\n\t\t\t\t\t\t\t\t\t<span class=\"elementor-button-text\">VID\u00c9O DE PR\u00c9SENTATION<\/span>\n\t\t\t\t\t<\/span>\n\t\t\t\t\t<\/a>\n\t\t<\/div>\n\t\t\t\t<\/div>\n\t\t\t\t<\/div>\n\t\t\t\t\t<\/div>\n\t\t\t\t<\/div>\n\t\t<div class=\"elementor-element elementor-element-23700a8 e-grid e-con-full e-con e-parent\" data-id=\"23700a8\" data-element_type=\"container\">\n\t\t\t\t<div class=\"elementor-element elementor-element-eccd741 e-transform elementor-widget elementor-widget-video\" data-id=\"eccd741\" data-element_type=\"widget\" data-settings=\"{&quot;video_type&quot;:&quot;hosted&quot;,&quot;_transform_scale_effect&quot;:{&quot;unit&quot;:&quot;px&quot;,&quot;size&quot;:0,&quot;sizes&quot;:[]},&quot;controls&quot;:&quot;yes&quot;,&quot;_transform_scale_effect_tablet&quot;:{&quot;unit&quot;:&quot;px&quot;,&quot;size&quot;:&quot;&quot;,&quot;sizes&quot;:[]},&quot;_transform_scale_effect_mobile&quot;:{&quot;unit&quot;:&quot;px&quot;,&quot;size&quot;:&quot;&quot;,&quot;sizes&quot;:[]}}\" data-widget_type=\"video.default\">\n\t\t\t\t<div class=\"elementor-widget-container\">\n\t\t\t\t\t<div class=\"e-hosted-video elementor-wrapper elementor-open-inline\">\n\t\t\t\t\t<video class=\"elementor-video\" src=\"http:\/\/lumierenomade.fr\/wp-content\/uploads\/2025\/01\/copy_0B9004AC-FBEF-4BA1-9F70-CDE729EA2AB4.mov\" controls=\"\" preload=\"metadata\" controlsList=\"nodownload\"><\/video>\n\t\t\t\t<\/div>\n\t\t\t\t<\/div>\n\t\t\t\t<\/div>\n\t\t\t\t<div class=\"elementor-element elementor-element-4d0be35 e-transform e-transform elementor-widget elementor-widget-text-editor\" data-id=\"4d0be35\" data-element_type=\"widget\" data-settings=\"{&quot;_transform_scale_effect&quot;:{&quot;unit&quot;:&quot;px&quot;,&quot;size&quot;:0.9,&quot;sizes&quot;:[]},&quot;_transform_translateX_effect&quot;:{&quot;unit&quot;:&quot;px&quot;,&quot;size&quot;:&quot;&quot;,&quot;sizes&quot;:[]},&quot;_transform_translateX_effect_tablet&quot;:{&quot;unit&quot;:&quot;px&quot;,&quot;size&quot;:&quot;&quot;,&quot;sizes&quot;:[]},&quot;_transform_translateX_effect_mobile&quot;:{&quot;unit&quot;:&quot;px&quot;,&quot;size&quot;:&quot;&quot;,&quot;sizes&quot;:[]},&quot;_transform_translateY_effect&quot;:{&quot;unit&quot;:&quot;px&quot;,&quot;size&quot;:&quot;&quot;,&quot;sizes&quot;:[]},&quot;_transform_translateY_effect_tablet&quot;:{&quot;unit&quot;:&quot;px&quot;,&quot;size&quot;:&quot;&quot;,&quot;sizes&quot;:[]},&quot;_transform_translateY_effect_mobile&quot;:{&quot;unit&quot;:&quot;px&quot;,&quot;size&quot;:&quot;&quot;,&quot;sizes&quot;:[]},&quot;_transform_scale_effect_tablet&quot;:{&quot;unit&quot;:&quot;px&quot;,&quot;size&quot;:&quot;&quot;,&quot;sizes&quot;:[]},&quot;_transform_scale_effect_mobile&quot;:{&quot;unit&quot;:&quot;px&quot;,&quot;size&quot;:&quot;&quot;,&quot;sizes&quot;:[]}}\" data-widget_type=\"text-editor.default\">\n\t\t\t\t<div class=\"elementor-widget-container\">\n\t\t\t\t\t\t\t<p class=\"p1\"><span style=\"color: var( --e-global-color-text ); text-align: var(--text-align);\">Nous mettons \u00e0 votre disposition une \u00e9quipe artistique compl\u00e8te, r\u00e9unissant des talents dans divers domaines pour garantir un r\u00e9sultat professionnel, cr\u00e9atif et sur mesure.<\/span><\/p><p class=\"p3\">\u2022 <b>Mannequins professionnels<\/b> : Nous travaillons avec des mannequins tunisiennes, fran\u00e7aises ou autres adapt\u00e9s \u00e0 l\u2019image que vous souhaitez v\u00e9hiculer. La s\u00e9lection des mannequins est possible en Freelance ou en agence.<\/p><p class=\"p3\">\u2022 <b>Maquilleuse\u00a0<\/b><\/p><p class=\"p3\">\u2022 <b>Coiffure<\/b> : Notre Coiffeur Rayan poss\u00e8de son salon de coiffure \u00e0 deux pas de ma maison \u00e0 Djerba. Sa cr\u00e9ativit\u00e9 et son expertise garantissent un r\u00e9sultat professionnel<span class=\"Apple-converted-space\">\u00a0<\/span><\/p><p class=\"p3\">\u2022 <b>Stylisme<\/b> : Le stylisme est au c\u0153ur de l\u2019expression visuelle. Notre styliste veille \u00e0 choisir et assembler les tenues parfaites, jouant avec les textures, les couleurs et les tendances pour renforcer l\u2019identit\u00e9 visuelle de vos photos.<\/p><p class=\"p3\">\u2022 <b>Set Design<\/b> : L\u2019ambiance est tout aussi importante que le sujet photographi\u00e9. Notre set designer cr\u00e9ent des d\u00e9cors sur mesure, en accord avec le th\u00e8me de votre projet. Du minimalisme \u00e9l\u00e9gant allant \u00e0 des mises en sc\u00e8ne audacieuses<\/p><p class=\"p3\">\u2022 <b>Direction artistique (DA)<\/b> : Pour une coh\u00e9rence globale, notre directrice artistique veille \u00e0 l\u2019harmonie esth\u00e9tique que vous souhaitez entre les diff\u00e9rents aspects de la production. En amont elle dialogue avec vous, et propose des mood board et un story telling autour de la collection et de l\u2019univers souhait\u00e9.<\/p><p class=\"p3\">Laissez-nous capturer l\u2019instant parfait ! Contactez-nous d\u00e8s aujourd\u2019hui pour discuter de votre projet !<\/p>\t\t\t\t\t\t<\/div>\n\t\t\t\t<\/div>\n\t\t\t\t<div class=\"elementor-element elementor-element-4103a72 e-transform e-transform elementor-widget elementor-widget-text-editor\" data-id=\"4103a72\" data-element_type=\"widget\" data-settings=\"{&quot;_transform_scale_effect&quot;:{&quot;unit&quot;:&quot;px&quot;,&quot;size&quot;:0.9,&quot;sizes&quot;:[]},&quot;_transform_translateX_effect&quot;:{&quot;unit&quot;:&quot;px&quot;,&quot;size&quot;:&quot;&quot;,&quot;sizes&quot;:[]},&quot;_transform_translateX_effect_tablet&quot;:{&quot;unit&quot;:&quot;px&quot;,&quot;size&quot;:&quot;&quot;,&quot;sizes&quot;:[]},&quot;_transform_translateX_effect_mobile&quot;:{&quot;unit&quot;:&quot;px&quot;,&quot;size&quot;:&quot;&quot;,&quot;sizes&quot;:[]},&quot;_transform_translateY_effect&quot;:{&quot;unit&quot;:&quot;px&quot;,&quot;size&quot;:&quot;&quot;,&quot;sizes&quot;:[]},&quot;_transform_translateY_effect_tablet&quot;:{&quot;unit&quot;:&quot;px&quot;,&quot;size&quot;:&quot;&quot;,&quot;sizes&quot;:[]},&quot;_transform_translateY_effect_mobile&quot;:{&quot;unit&quot;:&quot;px&quot;,&quot;size&quot;:&quot;&quot;,&quot;sizes&quot;:[]},&quot;_transform_scale_effect_tablet&quot;:{&quot;unit&quot;:&quot;px&quot;,&quot;size&quot;:&quot;&quot;,&quot;sizes&quot;:[]},&quot;_transform_scale_effect_mobile&quot;:{&quot;unit&quot;:&quot;px&quot;,&quot;size&quot;:&quot;&quot;,&quot;sizes&quot;:[]}}\" data-widget_type=\"text-editor.default\">\n\t\t\t\t<div class=\"elementor-widget-container\">\n\t\t\t\t\t\t\t<p class=\"p1\"><strong><span class=\"s1\">\u00c9quipe logistique locale :<\/span><\/strong><\/p><p class=\"p1\"><span class=\"s2\">Gr\u00e2ce \u00e0 la connaissance approfondie de Marion et \u00e0 un r\u00e9seau local solide, nous facilitons toutes les \u00e9tapes logistiques de votre shooting dans le sud tunisien.<\/span><\/p><p class=\"p2\"><span class=\"s2\"> \u2022 <\/span><strong><span class=\"s1\">Chauffeurs exp\u00e9riment\u00e9s :<\/span><\/strong><span class=\"s2\"> Des chauffeurs locaux qui connaissent les meilleurs itin\u00e9raires, garantissant des d\u00e9placements rapides et efficaces entre les diff\u00e9rents spots de shooting.<\/span><\/p><p class=\"p2\"><strong><span class=\"s2\"> \u2022 <\/span><span class=\"s1\">Guides locaux :<\/span><\/strong><span class=\"s2\"> Experts de la r\u00e9gion, nos guides vous emm\u00e8nent vers des lieux exclusifs et authentiques, tout en veillant \u00e0 respecter la culture et les sensibilit\u00e9s locales.<\/span><\/p><p class=\"p2\"><strong><span class=\"s2\"> \u2022 <\/span><span class=\"s1\">Lieux de d\u00e9jeuner et h\u00e9bergement :<\/span><\/strong><span class=\"s2\"> S\u00e9lection sur-mesure d\u2019h\u00f4tels et de restaurants, alliant confort et proximit\u00e9 avec vos lieux de shooting.<\/span><\/p><p class=\"p2\"><span class=\"s2\"> \u2022 <\/span><strong><span class=\"s1\">Sourcing d\u2019accessoires et set design :<\/span><\/strong><span class=\"s2\"> Acc\u00e8s rapide \u00e0 des boutiques et fournisseurs locaux pour tout le n\u00e9cessaire de d\u00e9coration et accessoires.<\/span><\/p><p class=\"p2\"><span class=\"s2\"> \u2022 <\/span><strong><span class=\"s1\">Coordination des autorisations :<\/span><\/strong><span class=\"s2\"> Prise en charge des permis de shooting et gestion des relations avec les autorit\u00e9s locales pour garantir un d\u00e9roulement sans accroc.<\/span><\/p>\t\t\t\t\t\t<\/div>\n\t\t\t\t<\/div>\n\t\t\t\t<div class=\"elementor-element elementor-element-830bee5 elementor-widget elementor-widget-image\" data-id=\"830bee5\" data-element_type=\"widget\" data-widget_type=\"image.default\">\n\t\t\t\t<div class=\"elementor-widget-container\">\n\t\t\t\t\t\t\t\t\t\t\t\t\t<img decoding=\"async\" src=\"https:\/\/lumierenomade.fr\/wp-content\/plugins\/elementor\/assets\/images\/placeholder.png\" title=\"\" alt=\"\" loading=\"lazy\" \/>\t\t\t\t\t\t\t\t\t\t\t\t\t<\/div>\n\t\t\t\t<\/div>\n\t\t\t\t<\/div>\n\t\t<div class=\"elementor-element elementor-element-a446abb e-grid e-transform e-con-boxed e-con e-parent\" data-id=\"a446abb\" data-element_type=\"container\" data-settings=\"{&quot;_transform_translateX_effect&quot;:{&quot;unit&quot;:&quot;px&quot;,&quot;size&quot;:134,&quot;sizes&quot;:[]},&quot;_transform_translateY_effect&quot;:{&quot;unit&quot;:&quot;px&quot;,&quot;size&quot;:-122,&quot;sizes&quot;:[]},&quot;_transform_translateX_effect_tablet&quot;:{&quot;unit&quot;:&quot;px&quot;,&quot;size&quot;:&quot;&quot;,&quot;sizes&quot;:[]},&quot;_transform_translateX_effect_mobile&quot;:{&quot;unit&quot;:&quot;px&quot;,&quot;size&quot;:&quot;&quot;,&quot;sizes&quot;:[]},&quot;_transform_translateY_effect_tablet&quot;:{&quot;unit&quot;:&quot;px&quot;,&quot;size&quot;:&quot;&quot;,&quot;sizes&quot;:[]},&quot;_transform_translateY_effect_mobile&quot;:{&quot;unit&quot;:&quot;px&quot;,&quot;size&quot;:&quot;&quot;,&quot;sizes&quot;:[]}}\">\n\t\t\t\t\t<div class=\"e-con-inner\">\n\t\t\t\t\t<\/div>\n\t\t\t\t<\/div>\n\t\t\t\t<\/div>\n\t\t","protected":false},"excerpt":{"rendered":"<p>NOTRE \u00c9QUIPE Jude P Photographe et H\u00f4te Depuis fin 2018, j&#8217;ai de\u0301cide\u0301 de me consacrer entie\u0300rement a\u0300 ma passion, la photographie. Je photographie aujourd&#8217;hui pour des magazines, des marques, et toujours aussi pour moi-me\u0302me. Je suis notamment publie\u0301 par plusieurs e\u0301ditions de l\u2019Officiel, Elle, Marie-Claire, ainsi que par Faust Magazine [&hellip;]<\/p>\n","protected":false},"author":1,"featured_media":0,"parent":0,"menu_order":0,"comment_status":"closed","ping_status":"closed","template":"elementor_header_footer","meta":{"footnotes":""},"class_list":["post-297","page","type-page","status-publish","hentry"],"featured_media_urls":[],"_links":{"self":[{"href":"https:\/\/lumierenomade.fr\/index.php?rest_route=\/wp\/v2\/pages\/297","targetHints":{"allow":["GET"]}}],"collection":[{"href":"https:\/\/lumierenomade.fr\/index.php?rest_route=\/wp\/v2\/pages"}],"about":[{"href":"https:\/\/lumierenomade.fr\/index.php?rest_route=\/wp\/v2\/types\/page"}],"author":[{"embeddable":true,"href":"https:\/\/lumierenomade.fr\/index.php?rest_route=\/wp\/v2\/users\/1"}],"replies":[{"embeddable":true,"href":"https:\/\/lumierenomade.fr\/index.php?rest_route=%2Fwp%2Fv2%2Fcomments&post=297"}],"version-history":[{"count":40,"href":"https:\/\/lumierenomade.fr\/index.php?rest_route=\/wp\/v2\/pages\/297\/revisions"}],"predecessor-version":[{"id":668,"href":"https:\/\/lumierenomade.fr\/index.php?rest_route=\/wp\/v2\/pages\/297\/revisions\/668"}],"wp:attachment":[{"href":"https:\/\/lumierenomade.fr\/index.php?rest_route=%2Fwp%2Fv2%2Fmedia&parent=297"}],"curies":[{"name":"wp","href":"https:\/\/api.w.org\/{rel}","templated":true}]}}