{"id":108,"date":"2024-09-20T16:51:05","date_gmt":"2024-09-20T14:51:05","guid":{"rendered":"https:\/\/lumierenomade.fr\/?page_id=108"},"modified":"2025-04-23T18:00:40","modified_gmt":"2025-04-23T16:00:40","slug":"elementor-108","status":"publish","type":"page","link":"https:\/\/lumierenomade.fr\/","title":{"rendered":"Accueil"},"content":{"rendered":"\t\t<div data-elementor-type=\"wp-post\" data-elementor-id=\"108\" class=\"elementor elementor-108\" data-elementor-post-type=\"page\">\n\t\t\t\t<div class=\"elementor-element elementor-element-f839d3e e-con-full e-flex e-con e-parent\" data-id=\"f839d3e\" data-element_type=\"container\">\n\t\t\t\t<div class=\"elementor-element elementor-element-63c76e7 elementor-widget elementor-widget-video\" data-id=\"63c76e7\" data-element_type=\"widget\" data-settings=\"{&quot;video_type&quot;:&quot;hosted&quot;,&quot;autoplay&quot;:&quot;yes&quot;,&quot;play_on_mobile&quot;:&quot;yes&quot;,&quot;mute&quot;:&quot;yes&quot;,&quot;loop&quot;:&quot;yes&quot;,&quot;controls&quot;:&quot;yes&quot;}\" data-widget_type=\"video.default\">\n\t\t\t\t<div class=\"elementor-widget-container\">\n\t\t\t\t\t<div class=\"e-hosted-video elementor-wrapper elementor-open-inline\">\n\t\t\t\t\t<video class=\"elementor-video\" src=\"http:\/\/lumierenomade.fr\/wp-content\/uploads\/2024\/07\/copy_3EFF2446-B5CA-466C-9102-7B908985C0A8.mp4\" autoplay=\"\" loop=\"\" controls=\"\" muted=\"muted\" playsinline=\"\" controlsList=\"nodownload\"><\/video>\n\t\t\t\t<\/div>\n\t\t\t\t<\/div>\n\t\t\t\t<\/div>\n\t\t\t\t<div class=\"elementor-element elementor-element-5f0cca1 elementor--h-position-center elementor--v-position-middle elementor-widget elementor-widget-slides\" data-id=\"5f0cca1\" data-element_type=\"widget\" data-settings=\"{&quot;navigation&quot;:&quot;none&quot;,&quot;autoplay&quot;:&quot;yes&quot;,&quot;pause_on_hover&quot;:&quot;yes&quot;,&quot;pause_on_interaction&quot;:&quot;yes&quot;,&quot;autoplay_speed&quot;:5000,&quot;infinite&quot;:&quot;yes&quot;,&quot;transition&quot;:&quot;slide&quot;,&quot;transition_speed&quot;:500}\" data-widget_type=\"slides.default\">\n\t\t\t\t<div class=\"elementor-widget-container\">\n\t\t\t\t\t<div class=\"elementor-swiper\">\n\t\t\t<div class=\"elementor-slides-wrapper elementor-main-swiper swiper\" dir=\"ltr\" data-animation=\"fadeInUp\">\n\t\t\t\t<div class=\"swiper-wrapper elementor-slides\">\n\t\t\t\t\t\t\t\t\t\t<div class=\"elementor-repeater-item-b0686f4 swiper-slide\"><div class=\"swiper-slide-bg\" role=\"img\"><\/div><a class=\"swiper-slide-inner\" href=\"https:\/\/lumierenomade.fr\/?page_id=291\"><div class=\"swiper-slide-contents\"><div class=\"elementor-slide-heading\">Vos r\u00eaves, nos images<\/div><div class=\"elementor-slide-description\">Bienvenue sur votre portail priv\u00e9 vers les s\u00e9ances photos que nous organisons dans notre pays de coeur : la Tunisie. \n<br>Vous y trouverez des informations sur notre concept unique, notre \u00e9quipe passionn\u00e9e, et sur les lieux de shooting que nous recommandons. \n\nNous nous adaptons \u00e0 toutes vos envies et budgets pour cr\u00e9er une exp\u00e9rience et des visuels inoubliables.<\/div><div  class=\"elementor-button elementor-slide-button elementor-size-sm\">LE CONCEPT<\/div><\/div><\/a><\/div>\t\t\t\t<\/div>\n\t\t\t\t\t\t\t<\/div>\n\t\t<\/div>\n\t\t\t\t<\/div>\n\t\t\t\t<\/div>\n\t\t<div class=\"elementor-element elementor-element-f6eb2e7 e-flex e-con-boxed e-con e-child\" data-id=\"f6eb2e7\" data-element_type=\"container\" data-settings=\"{&quot;background_background&quot;:&quot;classic&quot;}\">\n\t\t\t\t\t<div class=\"e-con-inner\">\n\t\t\t\t<div class=\"elementor-element elementor-element-ad3beca e-transform elementor-widget elementor-widget-heading\" data-id=\"ad3beca\" data-element_type=\"widget\" data-settings=\"{&quot;_transform_translateX_effect&quot;:{&quot;unit&quot;:&quot;px&quot;,&quot;size&quot;:460,&quot;sizes&quot;:[]},&quot;_transform_translateX_effect_tablet&quot;:{&quot;unit&quot;:&quot;px&quot;,&quot;size&quot;:&quot;&quot;,&quot;sizes&quot;:[]},&quot;_transform_translateX_effect_mobile&quot;:{&quot;unit&quot;:&quot;px&quot;,&quot;size&quot;:&quot;&quot;,&quot;sizes&quot;:[]},&quot;_transform_translateY_effect&quot;:{&quot;unit&quot;:&quot;px&quot;,&quot;size&quot;:&quot;&quot;,&quot;sizes&quot;:[]},&quot;_transform_translateY_effect_tablet&quot;:{&quot;unit&quot;:&quot;px&quot;,&quot;size&quot;:&quot;&quot;,&quot;sizes&quot;:[]},&quot;_transform_translateY_effect_mobile&quot;:{&quot;unit&quot;:&quot;px&quot;,&quot;size&quot;:&quot;&quot;,&quot;sizes&quot;:[]}}\" data-widget_type=\"heading.default\">\n\t\t\t\t<div class=\"elementor-widget-container\">\n\t\t\t<h2 class=\"elementor-heading-title elementor-size-default\">NOTRE \u00c9QUIPE<\/h2>\t\t<\/div>\n\t\t\t\t<\/div>\n\t\t<div class=\"elementor-element elementor-element-b130ce5 e-grid e-con-full e-con e-child\" data-id=\"b130ce5\" data-element_type=\"container\">\n\t\t\t\t<div class=\"elementor-element elementor-element-bd2b6a6 elementor-widget elementor-widget-text-editor\" data-id=\"bd2b6a6\" data-element_type=\"widget\" data-widget_type=\"text-editor.default\">\n\t\t\t\t<div class=\"elementor-widget-container\">\n\t\t\t\t\t\t\t<p><img fetchpriority=\"high\" decoding=\"async\" class=\"alignnone size-medium wp-image-58\" src=\"http:\/\/lumierenomade.fr\/wp-content\/uploads\/2024\/07\/IMG_7473-225x300.jpg\" alt=\"\" width=\"225\" height=\"300\" srcset=\"https:\/\/lumierenomade.fr\/wp-content\/uploads\/2024\/07\/IMG_7473-225x300.jpg 225w, https:\/\/lumierenomade.fr\/wp-content\/uploads\/2024\/07\/IMG_7473-768x1024.jpg 768w, https:\/\/lumierenomade.fr\/wp-content\/uploads\/2024\/07\/IMG_7473-1152x1536.jpg 1152w, https:\/\/lumierenomade.fr\/wp-content\/uploads\/2024\/07\/IMG_7473-1000x1333.jpg 1000w, https:\/\/lumierenomade.fr\/wp-content\/uploads\/2024\/07\/IMG_7473-420x560.jpg 420w, https:\/\/lumierenomade.fr\/wp-content\/uploads\/2024\/07\/IMG_7473-600x800.jpg 600w, https:\/\/lumierenomade.fr\/wp-content\/uploads\/2024\/07\/IMG_7473-1200x1600.jpg 1200w, https:\/\/lumierenomade.fr\/wp-content\/uploads\/2024\/07\/IMG_7473.jpg 1512w\" sizes=\"(max-width: 225px) 100vw, 225px\" \/><\/p><p>PHOTOGRAPHE ET H\u00d4TE<\/p>\t\t\t\t\t\t<\/div>\n\t\t\t\t<\/div>\n\t\t\t\t<div class=\"elementor-element elementor-element-1ffde70 elementor-widget elementor-widget-text-editor\" data-id=\"1ffde70\" data-element_type=\"widget\" data-widget_type=\"text-editor.default\">\n\t\t\t\t<div class=\"elementor-widget-container\">\n\t\t\t\t\t\t\t<h3>Jude P<\/h3><p>Depuis fin 2018, je me suis consacr\u00e9 pleinement \u00e0 ma passion pour la photographie, avec un int\u00e9r\u00eat particulier pour le voyage et la d\u00e9couverte, notamment en Tunisie. J\u2019aime observer et comprendre l\u2019identit\u00e9 des marques pour la traduire en images vibrantes\u00a0et authentiques.<\/p>\t\t\t\t\t\t<\/div>\n\t\t\t\t<\/div>\n\t\t\t\t<div class=\"elementor-element elementor-element-00879bd elementor-widget elementor-widget-text-editor\" data-id=\"00879bd\" data-element_type=\"widget\" data-widget_type=\"text-editor.default\">\n\t\t\t\t<div class=\"elementor-widget-container\">\n\t\t\t\t\t\t\t<p><img decoding=\"async\" class=\"alignnone wp-image-60 size-medium\" src=\"http:\/\/lumierenomade.fr\/wp-content\/uploads\/2024\/07\/DSC6635-Modifier-3-200x300.jpg\" alt=\"\" width=\"200\" height=\"300\" srcset=\"https:\/\/lumierenomade.fr\/wp-content\/uploads\/2024\/07\/DSC6635-Modifier-3-200x300.jpg 200w, https:\/\/lumierenomade.fr\/wp-content\/uploads\/2024\/07\/DSC6635-Modifier-3-683x1024.jpg 683w, https:\/\/lumierenomade.fr\/wp-content\/uploads\/2024\/07\/DSC6635-Modifier-3-768x1152.jpg 768w, https:\/\/lumierenomade.fr\/wp-content\/uploads\/2024\/07\/DSC6635-Modifier-3-1024x1536.jpg 1024w, https:\/\/lumierenomade.fr\/wp-content\/uploads\/2024\/07\/DSC6635-Modifier-3-1365x2048.jpg 1365w, https:\/\/lumierenomade.fr\/wp-content\/uploads\/2024\/07\/DSC6635-Modifier-3-1000x1500.jpg 1000w, https:\/\/lumierenomade.fr\/wp-content\/uploads\/2024\/07\/DSC6635-Modifier-3-1800x2700.jpg 1800w, https:\/\/lumierenomade.fr\/wp-content\/uploads\/2024\/07\/DSC6635-Modifier-3-373x560.jpg 373w, https:\/\/lumierenomade.fr\/wp-content\/uploads\/2024\/07\/DSC6635-Modifier-3-600x900.jpg 600w, https:\/\/lumierenomade.fr\/wp-content\/uploads\/2024\/07\/DSC6635-Modifier-3-1200x1800.jpg 1200w, https:\/\/lumierenomade.fr\/wp-content\/uploads\/2024\/07\/DSC6635-Modifier-3-scaled.jpg 1707w\" sizes=\"(max-width: 200px) 100vw, 200px\" \/><\/p><p>\u00a0 \u00a0 \u00a0 \u00a0 \u00a0 \u00a0 \u00a0PRO DE LA PROD<span style=\"font-weight: 400;\">\u00a0 \u00a0 \u00a0 \u00a0 \u00a0 \u00a0 \u00a0 \u00a0\u00a0<\/span><\/p>\t\t\t\t\t\t<\/div>\n\t\t\t\t<\/div>\n\t\t\t\t<div class=\"elementor-element elementor-element-2acc4b9 elementor-widget elementor-widget-text-editor\" data-id=\"2acc4b9\" data-element_type=\"widget\" data-widget_type=\"text-editor.default\">\n\t\t\t\t<div class=\"elementor-widget-container\">\n\t\t\t\t\t\t\t<h3>Marion Villalard<\/h3><p>Marion conna\u00eet le sud tunisien comme sa poche. Avec son compte Instagram suivi par plusieurs milliers de Tunisiens, elle est appr\u00e9ci\u00e9e et connect\u00e9e localement. Marion peut ainsi organiser tout ce dont nous avons besoin pour que chaque shooting se d\u00e9roule sans accroc.\u00a0\u00a0\u00a0\u00a0\u00a0\u00a0\u00a0\u00a0\u00a0\u00a0\u00a0\u00a0\u00a0\u00a0\u00a0\u00a0\u00a0\u00a0\u00a0<\/p>\t\t\t\t\t\t<\/div>\n\t\t\t\t<\/div>\n\t\t\t\t<\/div>\n\t\t\t\t<div class=\"elementor-element elementor-element-50d4ede elementor-widget elementor-widget-button\" data-id=\"50d4ede\" data-element_type=\"widget\" data-widget_type=\"button.default\">\n\t\t\t\t<div class=\"elementor-widget-container\">\n\t\t\t\t\t<div class=\"elementor-button-wrapper\">\n\t\t\t<a class=\"elementor-button elementor-button-link elementor-size-sm\" href=\"https:\/\/lumierenomade.fr\/?page_id=297\">\n\t\t\t\t\t\t<span class=\"elementor-button-content-wrapper\">\n\t\t\t\t\t\t\t\t\t<span class=\"elementor-button-text\">EN SAVOIR PLUS<\/span>\n\t\t\t\t\t<\/span>\n\t\t\t\t\t<\/a>\n\t\t<\/div>\n\t\t\t\t<\/div>\n\t\t\t\t<\/div>\n\t\t\t\t\t<\/div>\n\t\t\t\t<\/div>\n\t\t\t\t<div class=\"elementor-element elementor-element-1cc83f0 elementor--h-position-center elementor--v-position-middle elementor-widget elementor-widget-slides\" data-id=\"1cc83f0\" data-element_type=\"widget\" data-settings=\"{&quot;navigation&quot;:&quot;none&quot;,&quot;autoplay_speed&quot;:2000,&quot;autoplay&quot;:&quot;yes&quot;,&quot;pause_on_interaction&quot;:&quot;yes&quot;,&quot;infinite&quot;:&quot;yes&quot;,&quot;transition&quot;:&quot;slide&quot;,&quot;transition_speed&quot;:500}\" data-widget_type=\"slides.default\">\n\t\t\t\t<div class=\"elementor-widget-container\">\n\t\t\t\t\t<div class=\"elementor-swiper\">\n\t\t\t<div class=\"elementor-slides-wrapper elementor-main-swiper swiper\" dir=\"ltr\" data-animation=\"fadeInUp\">\n\t\t\t\t<div class=\"swiper-wrapper elementor-slides\">\n\t\t\t\t\t\t\t\t\t\t<div class=\"elementor-repeater-item-0d11359 swiper-slide\"><div class=\"swiper-slide-bg\" role=\"img\"><\/div><div class=\"swiper-slide-inner\" ><div class=\"swiper-slide-contents\"><\/div><\/div><\/div><div class=\"elementor-repeater-item-905ac90 swiper-slide\"><div class=\"swiper-slide-bg\" role=\"img\"><\/div><div class=\"swiper-slide-inner\" ><div class=\"swiper-slide-contents\"><\/div><\/div><\/div><div class=\"elementor-repeater-item-1d191d0 swiper-slide\"><div class=\"swiper-slide-bg\" role=\"img\"><\/div><div class=\"swiper-slide-inner\" ><div class=\"swiper-slide-contents\"><\/div><\/div><\/div>\t\t\t\t<\/div>\n\t\t\t\t\t\t\t\t\t\t\t\t\t\t\t\t\t\t\t\t\t<\/div>\n\t\t<\/div>\n\t\t\t\t<\/div>\n\t\t\t\t<\/div>\n\t\t\t\t<\/div>\n\t\t<div class=\"elementor-element elementor-element-e60f2d4 e-flex e-con-boxed e-con e-parent\" data-id=\"e60f2d4\" data-element_type=\"container\">\n\t\t\t\t\t<div class=\"e-con-inner\">\n\t\t<div class=\"elementor-element elementor-element-502576e e-grid e-con-full e-con e-child\" data-id=\"502576e\" data-element_type=\"container\">\n\t\t\t\t<div class=\"elementor-element elementor-element-acabf61 e-transform elementor-widget elementor-widget-text-editor\" data-id=\"acabf61\" data-element_type=\"widget\" data-settings=\"{&quot;_transform_scale_effect&quot;:{&quot;unit&quot;:&quot;px&quot;,&quot;size&quot;:0.9,&quot;sizes&quot;:[]},&quot;_transform_scale_effect_tablet&quot;:{&quot;unit&quot;:&quot;px&quot;,&quot;size&quot;:&quot;&quot;,&quot;sizes&quot;:[]},&quot;_transform_scale_effect_mobile&quot;:{&quot;unit&quot;:&quot;px&quot;,&quot;size&quot;:&quot;&quot;,&quot;sizes&quot;:[]}}\" data-widget_type=\"text-editor.default\">\n\t\t\t\t<div class=\"elementor-widget-container\">\n\t\t\t\t\t\t\t<h2 class=\"wp-block-heading has-medium-font-size\">POURQUOI LA TUNISIE?<\/h2><p><span style=\"font-weight: 400;\">Nos parcours nous ont conduit \u00e0 travers le monde, mais c&#8217;est dans le sud tunisien que nous avons trouv\u00e9 l\u2019envie de d\u00e9velopper un projet. <\/span><\/p><p><span style=\"font-weight: 400;\">Jude y a fait construire une maison traditionnelle, lieu d&#8217;accueil, de partage et de shootings. <\/span><\/p><p><span style=\"font-weight: 400;\">Djerba se trouve \u00e0 2h30 de Paris avec plusieurs vols directs quotidiens, et la maison est \u00e0 15 minutes de l\u2019a\u00e9roport. <\/span><\/p><p><span style=\"font-weight: 400;\">De l\u00e0, facile de rayonner vers la mer et les immensit\u00e9s d\u00e9sertiques. <\/span><\/p>\t\t\t\t\t\t<\/div>\n\t\t\t\t<\/div>\n\t\t\t\t<div class=\"elementor-element elementor-element-2f3acc9 elementor-widget elementor-widget-image\" data-id=\"2f3acc9\" data-element_type=\"widget\" data-widget_type=\"image.default\">\n\t\t\t\t<div class=\"elementor-widget-container\">\n\t\t\t\t\t\t\t\t\t\t\t\t\t\t<a href=\"https:\/\/lumierenomade.fr\/?page_id=302\">\n\t\t\t\t\t\t\t<img decoding=\"async\" width=\"719\" height=\"1024\" src=\"https:\/\/lumierenomade.fr\/wp-content\/uploads\/2024\/12\/Capture-decran-2024-12-05-a-16.21.00-719x1024.png\" class=\"attachment-large size-large wp-image-258\" alt=\"\" srcset=\"https:\/\/lumierenomade.fr\/wp-content\/uploads\/2024\/12\/Capture-decran-2024-12-05-a-16.21.00-719x1024.png 719w, https:\/\/lumierenomade.fr\/wp-content\/uploads\/2024\/12\/Capture-decran-2024-12-05-a-16.21.00-211x300.png 211w, https:\/\/lumierenomade.fr\/wp-content\/uploads\/2024\/12\/Capture-decran-2024-12-05-a-16.21.00-768x1094.png 768w, https:\/\/lumierenomade.fr\/wp-content\/uploads\/2024\/12\/Capture-decran-2024-12-05-a-16.21.00-393x560.png 393w, https:\/\/lumierenomade.fr\/wp-content\/uploads\/2024\/12\/Capture-decran-2024-12-05-a-16.21.00.png 990w\" sizes=\"(max-width: 719px) 100vw, 719px\" \/>\t\t\t\t\t\t\t\t<\/a>\n\t\t\t\t\t\t\t\t\t\t\t\t\t<\/div>\n\t\t\t\t<\/div>\n\t\t\t\t<\/div>\n\t\t\t\t\t<\/div>\n\t\t\t\t<\/div>\n\t\t<div class=\"elementor-element elementor-element-17403cf e-grid e-con-boxed e-con e-parent\" data-id=\"17403cf\" data-element_type=\"container\">\n\t\t\t\t\t<div class=\"e-con-inner\">\n\t\t\t\t<div class=\"elementor-element elementor-element-fb5f4a9 e-transform elementor-widget elementor-widget-button\" data-id=\"fb5f4a9\" data-element_type=\"widget\" data-settings=\"{&quot;_transform_translateX_effect&quot;:{&quot;unit&quot;:&quot;px&quot;,&quot;size&quot;:341,&quot;sizes&quot;:[]},&quot;_transform_translateY_effect&quot;:{&quot;unit&quot;:&quot;px&quot;,&quot;size&quot;:-37,&quot;sizes&quot;:[]},&quot;_transform_translateX_effect_tablet&quot;:{&quot;unit&quot;:&quot;px&quot;,&quot;size&quot;:&quot;&quot;,&quot;sizes&quot;:[]},&quot;_transform_translateX_effect_mobile&quot;:{&quot;unit&quot;:&quot;px&quot;,&quot;size&quot;:&quot;&quot;,&quot;sizes&quot;:[]},&quot;_transform_translateY_effect_tablet&quot;:{&quot;unit&quot;:&quot;px&quot;,&quot;size&quot;:&quot;&quot;,&quot;sizes&quot;:[]},&quot;_transform_translateY_effect_mobile&quot;:{&quot;unit&quot;:&quot;px&quot;,&quot;size&quot;:&quot;&quot;,&quot;sizes&quot;:[]}}\" data-widget_type=\"button.default\">\n\t\t\t\t<div class=\"elementor-widget-container\">\n\t\t\t\t\t<div class=\"elementor-button-wrapper\">\n\t\t\t<a class=\"elementor-button elementor-button-link elementor-size-sm\" href=\"https:\/\/lumierenomade.fr\/?page_id=302\">\n\t\t\t\t\t\t<span class=\"elementor-button-content-wrapper\">\n\t\t\t\t\t\t\t\t\t<span class=\"elementor-button-text\">D\u00c9COUVRIR NOS LIEUX<\/span>\n\t\t\t\t\t<\/span>\n\t\t\t\t\t<\/a>\n\t\t<\/div>\n\t\t\t\t<\/div>\n\t\t\t\t<\/div>\n\t\t\t\t\t<\/div>\n\t\t\t\t<\/div>\n\t\t<div class=\"elementor-element elementor-element-fd6f0e8 e-flex e-con-boxed e-con e-parent\" data-id=\"fd6f0e8\" data-element_type=\"container\" data-settings=\"{&quot;background_background&quot;:&quot;classic&quot;}\">\n\t\t\t\t\t<div class=\"e-con-inner\">\n\t\t<div class=\"elementor-element elementor-element-c694ecd e-grid e-con-full e-con e-child\" data-id=\"c694ecd\" data-element_type=\"container\">\n\t\t\t\t<div class=\"elementor-element elementor-element-96047a5 e-transform elementor-widget elementor-widget-image\" data-id=\"96047a5\" data-element_type=\"widget\" data-settings=\"{&quot;_transform_translateY_effect&quot;:{&quot;unit&quot;:&quot;px&quot;,&quot;size&quot;:68,&quot;sizes&quot;:[]},&quot;_transform_translateX_effect&quot;:{&quot;unit&quot;:&quot;px&quot;,&quot;size&quot;:&quot;&quot;,&quot;sizes&quot;:[]},&quot;_transform_translateX_effect_tablet&quot;:{&quot;unit&quot;:&quot;px&quot;,&quot;size&quot;:&quot;&quot;,&quot;sizes&quot;:[]},&quot;_transform_translateX_effect_mobile&quot;:{&quot;unit&quot;:&quot;px&quot;,&quot;size&quot;:&quot;&quot;,&quot;sizes&quot;:[]},&quot;_transform_translateY_effect_tablet&quot;:{&quot;unit&quot;:&quot;px&quot;,&quot;size&quot;:&quot;&quot;,&quot;sizes&quot;:[]},&quot;_transform_translateY_effect_mobile&quot;:{&quot;unit&quot;:&quot;px&quot;,&quot;size&quot;:&quot;&quot;,&quot;sizes&quot;:[]}}\" data-widget_type=\"image.default\">\n\t\t\t\t<div class=\"elementor-widget-container\">\n\t\t\t\t\t\t\t\t\t\t\t\t\t\t<a href=\"https:\/\/lumierenomade.fr\/?page_id=307\">\n\t\t\t\t\t\t\t<img loading=\"lazy\" decoding=\"async\" width=\"930\" height=\"619\" src=\"https:\/\/lumierenomade.fr\/wp-content\/uploads\/2024\/07\/DSC1119-Modifier-1024x682.jpg\" class=\"attachment-large size-large wp-image-65\" alt=\"\" srcset=\"https:\/\/lumierenomade.fr\/wp-content\/uploads\/2024\/07\/DSC1119-Modifier-1024x682.jpg 1024w, https:\/\/lumierenomade.fr\/wp-content\/uploads\/2024\/07\/DSC1119-Modifier-300x200.jpg 300w, https:\/\/lumierenomade.fr\/wp-content\/uploads\/2024\/07\/DSC1119-Modifier-768x512.jpg 768w, https:\/\/lumierenomade.fr\/wp-content\/uploads\/2024\/07\/DSC1119-Modifier-1536x1024.jpg 1536w, https:\/\/lumierenomade.fr\/wp-content\/uploads\/2024\/07\/DSC1119-Modifier-1000x667.jpg 1000w, https:\/\/lumierenomade.fr\/wp-content\/uploads\/2024\/07\/DSC1119-Modifier-1800x1200.jpg 1800w, https:\/\/lumierenomade.fr\/wp-content\/uploads\/2024\/07\/DSC1119-Modifier-840x560.jpg 840w, https:\/\/lumierenomade.fr\/wp-content\/uploads\/2024\/07\/DSC1119-Modifier-600x400.jpg 600w, https:\/\/lumierenomade.fr\/wp-content\/uploads\/2024\/07\/DSC1119-Modifier-1200x800.jpg 1200w, https:\/\/lumierenomade.fr\/wp-content\/uploads\/2024\/07\/DSC1119-Modifier.jpg 2000w\" sizes=\"(max-width: 930px) 100vw, 930px\" \/>\t\t\t\t\t\t\t\t<\/a>\n\t\t\t\t\t\t\t\t\t\t\t\t\t<\/div>\n\t\t\t\t<\/div>\n\t\t\t\t<div class=\"elementor-element elementor-element-e80f34f e-transform elementor-widget elementor-widget-text-editor\" data-id=\"e80f34f\" data-element_type=\"widget\" data-settings=\"{&quot;_transform_scale_effect&quot;:{&quot;unit&quot;:&quot;px&quot;,&quot;size&quot;:0.9,&quot;sizes&quot;:[]},&quot;_transform_scale_effect_tablet&quot;:{&quot;unit&quot;:&quot;px&quot;,&quot;size&quot;:&quot;&quot;,&quot;sizes&quot;:[]},&quot;_transform_scale_effect_mobile&quot;:{&quot;unit&quot;:&quot;px&quot;,&quot;size&quot;:&quot;&quot;,&quot;sizes&quot;:[]}}\" data-widget_type=\"text-editor.default\">\n\t\t\t\t<div class=\"elementor-widget-container\">\n\t\t\t\t\t\t\t<p><strong>Vous souhaitez mettre en valeur votre collection ?<span class=\"Apple-converted-space\">\u00a0<\/span><\/strong><\/p><p>Nous vous offrons un service de shooting photos professionnel, adapt\u00e9 \u00e0 vos besoins.<span class=\"Apple-converted-space\">\u00a0<\/span><\/p><p>Nous organisons des campagnes et des lookbook sur mesure. Il est aussi possible de photographier seulement quelques pi\u00e8ces dans le cadre de shootings group\u00e9s.<span class=\"Apple-converted-space\">\u00a0<\/span><\/p><p>Nous prenons en charge l\u2019ensemble de la production, en particulier la logistique (h\u00e9bergement, transports et catering) et l\u2019\u00e9quipe locale (maquillage et assistant photo).<span class=\"Apple-converted-space\">\u00a0<\/span><\/p><p>En option, nous pouvons \u00e9galement vous proposer plusieurs services :<\/p><ul><li>Contenu vid\u00e9o<span class=\"Apple-converted-space\">\u00a0<\/span><\/li><li>S\u00e9lection des mannequins tunisiennes, fran\u00e7aises ou autres<\/li><li>Stylisme \/ direction artistique \/ set design<span class=\"Apple-converted-space\">\u00a0<\/span><\/li><\/ul><p>A vous de d\u00e9cider de votre niveau d\u2019implication.<\/p>\t\t\t\t\t\t<\/div>\n\t\t\t\t<\/div>\n\t\t\t\t<\/div>\n\t\t\t\t\t<\/div>\n\t\t\t\t<\/div>\n\t\t<div class=\"elementor-element elementor-element-5c83b72 e-flex e-con-boxed e-con e-parent\" data-id=\"5c83b72\" data-element_type=\"container\">\n\t\t\t\t\t<div class=\"e-con-inner\">\n\t\t<div class=\"elementor-element elementor-element-3be149c e-con-full e-flex e-con e-child\" data-id=\"3be149c\" data-element_type=\"container\">\n\t\t\t\t<\/div>\n\t\t<div class=\"elementor-element elementor-element-dc83d37 e-con-full e-flex e-con e-child\" data-id=\"dc83d37\" data-element_type=\"container\">\n\t\t\t\t<div class=\"elementor-element elementor-element-2ddd2a7 e-transform elementor-widget elementor-widget-button\" data-id=\"2ddd2a7\" data-element_type=\"widget\" data-settings=\"{&quot;_transform_translateX_effect&quot;:{&quot;unit&quot;:&quot;px&quot;,&quot;size&quot;:-419,&quot;sizes&quot;:[]},&quot;_transform_translateY_effect&quot;:{&quot;unit&quot;:&quot;px&quot;,&quot;size&quot;:-132,&quot;sizes&quot;:[]},&quot;_transform_translateX_effect_tablet&quot;:{&quot;unit&quot;:&quot;px&quot;,&quot;size&quot;:&quot;&quot;,&quot;sizes&quot;:[]},&quot;_transform_translateX_effect_mobile&quot;:{&quot;unit&quot;:&quot;px&quot;,&quot;size&quot;:&quot;&quot;,&quot;sizes&quot;:[]},&quot;_transform_translateY_effect_tablet&quot;:{&quot;unit&quot;:&quot;px&quot;,&quot;size&quot;:&quot;&quot;,&quot;sizes&quot;:[]},&quot;_transform_translateY_effect_mobile&quot;:{&quot;unit&quot;:&quot;px&quot;,&quot;size&quot;:&quot;&quot;,&quot;sizes&quot;:[]}}\" data-widget_type=\"button.default\">\n\t\t\t\t<div class=\"elementor-widget-container\">\n\t\t\t\t\t<div class=\"elementor-button-wrapper\">\n\t\t\t<a class=\"elementor-button elementor-button-link elementor-size-sm\" href=\"https:\/\/lumierenomade.fr\/?page_id=307\">\n\t\t\t\t\t\t<span class=\"elementor-button-content-wrapper\">\n\t\t\t\t\t\t\t\t\t<span class=\"elementor-button-text\">D\u00c9COUVRIR NOS PRESTATIONS<\/span>\n\t\t\t\t\t<\/span>\n\t\t\t\t\t<\/a>\n\t\t<\/div>\n\t\t\t\t<\/div>\n\t\t\t\t<\/div>\n\t\t\t\t<\/div>\n\t\t\t\t\t<\/div>\n\t\t\t\t<\/div>\n\t\t<div class=\"elementor-element elementor-element-9e44f13 e-flex e-con-boxed e-con e-parent\" data-id=\"9e44f13\" data-element_type=\"container\" data-settings=\"{&quot;background_background&quot;:&quot;classic&quot;}\">\n\t\t\t\t\t<div class=\"e-con-inner\">\n\t\t\t\t<div class=\"elementor-element elementor-element-d7c7ace elementor-widget elementor-widget-image\" data-id=\"d7c7ace\" data-element_type=\"widget\" data-widget_type=\"image.default\">\n\t\t\t\t<div class=\"elementor-widget-container\">\n\t\t\t\t\t\t\t\t\t\t\t\t\t<img loading=\"lazy\" decoding=\"async\" width=\"768\" height=\"432\" src=\"https:\/\/lumierenomade.fr\/wp-content\/uploads\/2024\/12\/MULTICREATEURS-NOVEMBRE-2024-768x432.jpg\" class=\"attachment-medium_large size-medium_large wp-image-278\" alt=\"\" srcset=\"https:\/\/lumierenomade.fr\/wp-content\/uploads\/2024\/12\/MULTICREATEURS-NOVEMBRE-2024-768x432.jpg 768w, https:\/\/lumierenomade.fr\/wp-content\/uploads\/2024\/12\/MULTICREATEURS-NOVEMBRE-2024-300x169.jpg 300w, https:\/\/lumierenomade.fr\/wp-content\/uploads\/2024\/12\/MULTICREATEURS-NOVEMBRE-2024-1024x576.jpg 1024w, https:\/\/lumierenomade.fr\/wp-content\/uploads\/2024\/12\/MULTICREATEURS-NOVEMBRE-2024-1536x864.jpg 1536w, https:\/\/lumierenomade.fr\/wp-content\/uploads\/2024\/12\/MULTICREATEURS-NOVEMBRE-2024-1000x563.jpg 1000w, https:\/\/lumierenomade.fr\/wp-content\/uploads\/2024\/12\/MULTICREATEURS-NOVEMBRE-2024-1800x1013.jpg 1800w, https:\/\/lumierenomade.fr\/wp-content\/uploads\/2024\/12\/MULTICREATEURS-NOVEMBRE-2024-996x560.jpg 996w, https:\/\/lumierenomade.fr\/wp-content\/uploads\/2024\/12\/MULTICREATEURS-NOVEMBRE-2024.jpg 1920w\" sizes=\"(max-width: 768px) 100vw, 768px\" \/>\t\t\t\t\t\t\t\t\t\t\t\t\t<\/div>\n\t\t\t\t<\/div>\n\t\t\t\t\t<\/div>\n\t\t\t\t<\/div>\n\t\t<div class=\"elementor-element elementor-element-543e6a8 e-flex e-con-boxed e-con e-parent\" data-id=\"543e6a8\" data-element_type=\"container\">\n\t\t\t\t\t<div class=\"e-con-inner\">\n\t\t\t\t\t<\/div>\n\t\t\t\t<\/div>\n\t\t\t\t<\/div>\n\t\t","protected":false},"excerpt":{"rendered":"<p>http:\/\/lumierenomade.fr\/wp-content\/uploads\/2024\/07\/copy_3EFF2446-B5CA-466C-9102-7B908985C0A8.mp4 Vos r\u00eaves, nos imagesBienvenue sur votre portail priv\u00e9 vers les s\u00e9ances photos que nous organisons dans notre pays de coeur : la Tunisie. Vous y trouverez des informations sur notre concept unique, notre \u00e9quipe passionn\u00e9e, et sur les lieux de shooting que nous recommandons. Nous nous adaptons \u00e0 toutes [&hellip;]<\/p>\n","protected":false},"author":1,"featured_media":0,"parent":0,"menu_order":0,"comment_status":"closed","ping_status":"closed","template":"elementor_header_footer","meta":{"footnotes":""},"class_list":["post-108","page","type-page","status-publish","hentry"],"featured_media_urls":[],"_links":{"self":[{"href":"https:\/\/lumierenomade.fr\/index.php?rest_route=\/wp\/v2\/pages\/108","targetHints":{"allow":["GET"]}}],"collection":[{"href":"https:\/\/lumierenomade.fr\/index.php?rest_route=\/wp\/v2\/pages"}],"about":[{"href":"https:\/\/lumierenomade.fr\/index.php?rest_route=\/wp\/v2\/types\/page"}],"author":[{"embeddable":true,"href":"https:\/\/lumierenomade.fr\/index.php?rest_route=\/wp\/v2\/users\/1"}],"replies":[{"embeddable":true,"href":"https:\/\/lumierenomade.fr\/index.php?rest_route=%2Fwp%2Fv2%2Fcomments&post=108"}],"version-history":[{"count":210,"href":"https:\/\/lumierenomade.fr\/index.php?rest_route=\/wp\/v2\/pages\/108\/revisions"}],"predecessor-version":[{"id":910,"href":"https:\/\/lumierenomade.fr\/index.php?rest_route=\/wp\/v2\/pages\/108\/revisions\/910"}],"wp:attachment":[{"href":"https:\/\/lumierenomade.fr\/index.php?rest_route=%2Fwp%2Fv2%2Fmedia&parent=108"}],"curies":[{"name":"wp","href":"https:\/\/api.w.org\/{rel}","templated":true}]}}